{"id":6,"date":"2022-03-08T11:54:16","date_gmt":"2022-03-08T11:54:16","guid":{"rendered":"https:\/\/kitdigital.paythunder.com\/index.php\/mesmerize-pro\/"},"modified":"2022-03-18T09:28:30","modified_gmt":"2022-03-18T09:28:30","slug":"mesmerize-pro","status":"publish","type":"page","link":"https:\/\/kitdigital.paythunder.com\/","title":{"rendered":"Front Page"},"content":{"rendered":"<div  data-label=\"EU\" data-id=\"content--1\" data-export-id=\"content-12\" data-category=\"content\" class=\"content-12 content-section content-section-spacing\" id=\"eu\" style=\"background-color: rgb(255, 255, 255);\"><div  class=\"gridContainer\"> <div  class=\"row text-center\"><div  class=\"section-title-col\" data-type=\"column\">  <\/div> <\/div> <div  class=\"row center-xs middle-xs\"> <div  class=\"col-sm-9\" data-type=\"column\"> <img decoding=\"async\"  class=\"shadow-large\" src=\"https:\/\/kitdigital.paythunder.com\/wp-content\/uploads\/2022\/03\/logos-kit-digital-1024x137-1.png\" title=\"logos-kit-digital-1024x137\" alt=\"\"><\/div> <\/div><\/div> <\/div><div  data-label=\"Productos\" data-id=\"content--2\" data-export-id=\"content-12\" data-category=\"content\" class=\"content-12 content-section content-section-spacing\" id=\"productos\" style=\"background-color: rgb(255, 255, 255); background-image: none;\"><div  class=\"gridContainer\"> <div  class=\"row text-center\"><div  class=\"section-title-col\" data-type=\"column\"> <h2  class=\"\">Productos PayThunder<\/h2> <\/div> <\/div> <div  class=\"row center-xs middle-xs\"> <div  class=\"col-sm-9\" data-type=\"column\"> <\/div> <\/div><\/div> <\/div><div  data-label=\"carteleria\" data-id=\"content--3\" data-export-id=\"content-7\" data-category=\"content\" class=\"content-7 content-section content-section-spacing content-relative\" id=\"carteleria\" style=\"background-color: rgb(242, 242, 242); background-image: none;\"><div  class=\"section-separator-top\">\n    <svg  xmlns=\"http:\/\/www.w3.org\/2000\/svg\" viewBox=\"0 0 1000 100\" preserveAspectRatio=\"none\" data-separator-name=\"curve\" class=\"section-separator-top\">\n    <path  class=\"svg-white-bg\" d=\"M1000,4.3V0H0v4.3C0.9,23.1,126.7,99.2,500,100S1000,22.7,1000,4.3z\"><\/path>\n<\/svg>\n<\/div><div  class=\"gridContainer\"> <div  class=\"row middle-sm\"><div  class=\"col-sm-6 space-bottom-xs\" data-type=\"column\"> <img decoding=\"async\"  class=\"custom-image\" src=\"https:\/\/kitdigital.paythunder.com\/wp-content\/uploads\/2022\/03\/Sin-titulo-1_Mesa-de-trabajo-1.png\" title=\"Sin t\u00edtulo-1_Mesa de trabajo 1\" alt=\"\"><h2  class=\"\"><span  style=\"font-weight: 700;\">Kiosco + Carteler\u00eda Digital<\/span>&nbsp;<span  style=\"color: rgb(255, 51, 105); font-weight: 300;\">desde&nbsp;14.400\u20ac<\/span><\/h2> <p  class=\"\" style=\"text-align: justify;\">El kiosco de PayThunder puede estar colocado en lugares destacados de su negocio, puede informar a sus clientes, interactuar con ellos e incluso responder en el idioma seleccionado.\n<br ><span  style=\"font-style: italic;\">\u201cUn Kiosco adaptable a cualquier necesidad, con nuestra soluci\u00f3n de Holograma Inteligente interactivo multi-idioma, PayThunder Genie\u00bb.<\/span><br ><br >\n<span  style=\"font-weight: 600;\">Ventajas\/funcionalidades:\n<\/span><br >\u2013 Eliminamos colas<br >\u2013 Autoventa de entradas<br >\u2013 Versi\u00f3n para exteriores<br >\u2013 Monitorizable en tiempo real<br >\u2013 Sistema de carteler\u00eda incluida\n<br ><br ><span  style=\"font-weight: 700;\">#Comercio-Electr\u00f3nico \n<\/span><br ><span  style=\"font-weight: 700;\">#Business-Intelligence-y-Anal\u00edtica\n<\/span><br ><span  style=\"font-weight: 700;\">#Gesti\u00f3n-de-procesos<\/span><\/p> <a class=\"button color5\" href=\"https:\/\/service.paythunder.com\/PTService\/clienteController\/mostrarTF?TF=Yai82uJ7&amp;rgpd=1\" target=\"_blank\" data-cp-link=\"1\" data-icon=\"\" rel=\"noopener\">Solicitar<\/a><\/div> <div  class=\"col-sm-6\" data-type=\"column\"> <img decoding=\"async\"  class=\"shadow-large\" src=\"https:\/\/kitdigital.paythunder.com\/wp-content\/uploads\/2022\/03\/cropped-1-1.jpg\" title=\"cropped-1-1.jpg\" alt=\"\"><\/div> <\/div><\/div> <div  class=\"section-separator-bottom\">\n    <svg  xmlns=\"http:\/\/www.w3.org\/2000\/svg\" viewBox=\"0 0 1000 100\" preserveAspectRatio=\"none\" data-separator-name=\"curve-negative\" class=\"section-separator-bottom\">\n\t<path  class=\"svg-white-bg\" d=\"M500,97C126.7,96.3,0.8,19.8,0,0v100l1000,0V1C1000,19.4,873.3,97.8,500,97z\"><\/path>\n<\/svg>\n<\/div><\/div><div  data-label=\"genie\" data-id=\"content--4\" data-export-id=\"content-8\" data-category=\"content\" class=\"content-8 content-section content-section-spacing\" id=\"genie\" style=\"background-color: rgb(255, 255, 255);\"><div  class=\"gridContainer\"> <div  class=\"row middle-sm\"><div  class=\"col-sm-6 space-bottom-xs space-top-xs\" data-type=\"column\"> <img decoding=\"async\"  class=\"shadow-large\" src=\"https:\/\/kitdigital.paythunder.com\/wp-content\/uploads\/2022\/03\/cropped-Screenshot_1.png\" title=\"cropped-Screenshot_1.png\" alt=\"\"><\/div> <div  class=\"col-sm-6\" data-type=\"column\"><img decoding=\"async\"  class=\"custom-image\" src=\"https:\/\/kitdigital.paythunder.com\/wp-content\/uploads\/2022\/03\/assist-01.png\" title=\"assist-01\" alt=\"\"><h2  class=\"\"><span  style=\"font-weight: 700;\">Kiosco + PayThunder Genie <span  style=\"color: rgb(255, 51, 105); font-weight: 300;\">desde&nbsp;14.400\u20ac<\/span><\/span><\/h2> <p  class=\"\" style=\"text-align: justify;\">PayThunder Genie es un holograma virtual, que colocado en lugares destacados de tu negocio, puede informar a tus clientes, interactuar con ellos e incluso responder en el idioma seleccionado.\n<br >Sus funciones son ilimitadas: informador, gu\u00eda, portero virtual, asistente personal, etc. \u00bfQu\u00e9 tipo de negocio tienes? Centros comerciales, hoteles o museos son sitios ideales para usar PayThunder Genie.<br >La herramienta perfecta para atender a tus clientes, guiarte por un museo o asistir durante tus compras.<br >\n<br ><span  style=\"font-weight: 600;\">Ventajas\/funcionalidades:<\/span><br >\u2013 Asistente virtual 24\/7.<br >\u2013 Multiidioma<br >\u2013 Imagen personalizable.<br >\u2013 Interacci\u00f3n a tiempo real<br >\u2013 Funci\u00f3n de traductor<br >\u2013 Adaptable a web y soporte f\u00edsico.<br >\u2013 Estad\u00edstica de conversaci\u00f3n.<br >\u2013 Acceso a conversaciones en tiempo real.<br >\u2013 An\u00e1lisis de conversaciones mantenidas.<br >\u2013 Posibilidad de a\u00f1adir la inteligencia que m\u00e1s se adapte a tu negocio.\n<br ><br ><span  style=\"font-weight: 700;\">#Comercio-Electr\u00f3nico\n<\/span><br ><span  style=\"font-weight: 700;\">#Gesti\u00f3n-de-procesos\n<\/span><br ><span  style=\"font-weight: 700;\">#Factura-Elect\u00f3nica<\/span><\/p> <a class=\"button color5\" href=\"https:\/\/service.paythunder.com\/PTService\/clienteController\/mostrarTF?TF=xNxRsdkH&amp;rgpd=1\" target=\"_blank\" data-cp-link=\"1\" data-icon=\"\" rel=\"noopener\">Solicitar<\/a><\/div> <\/div><\/div> <\/div><div  data-label=\"assist\" data-id=\"content--5\" data-export-id=\"content-7\" data-category=\"content\" class=\"content-7 content-section content-section-spacing content-relative\" id=\"assist\" style=\"background-color: rgb(242, 242, 242); background-image: none;\"><div  class=\"section-separator-top\">\n    <svg  class=\"section-separator-top\" data-separator-name=\"triangle-asymmetrical-negative\" preserveAspectRatio=\"none\" viewBox=\"0 0 1000 100\" xmlns=\"http:\/\/www.w3.org\/2000\/svg\">\n        <path  class=\"svg-white-bg\" d=\"M737.9,94.7L0,0v100h1000V0L737.9,94.7z\"><\/path>\n    <\/svg>\n<\/div><div  class=\"gridContainer\"> <div  class=\"row middle-sm\"><div  class=\"col-sm-6 space-bottom-xs\" data-type=\"column\"> <img decoding=\"async\"  class=\"custom-image\" src=\"https:\/\/kitdigital.paythunder.com\/wp-content\/uploads\/2022\/03\/assist-01.png\" title=\"assist-01\" alt=\"\"><h2  class=\"\"><span  style=\"font-weight: 700;\">PayThunder ASSIST<\/span>\n<br ><span  style=\"color: rgb(255, 51, 105); font-weight: 300;\">desde 995\u20ac<\/span><\/h2> <p  class=\"\"><span  style=\"font-weight: 600;\">Asistente virtual para web, con una integraci\u00f3n sencilla.<\/span> Capaz de responder a interacciones de usuarios, personalizable en im\u00e1genes y textos.\n<br ><br >\nUna ayuda perfecta para la web de tu negocio, integrable con redes sociales, podr\u00e1 responder las cuesti\u00f3n 24\/7 que planteen cada usuario.\n<br ><br ><span  style=\"font-weight: 700; color: rgb(255, 51, 105);\">#Comercio-Electr\u00f3nico\n<\/span><br ><span  style=\"font-weight: 700; color: rgb(255, 51, 105);\">#Gesti\u00f3n-de-Clientes\n<\/span><br ><span  style=\"font-weight: 700; color: rgb(255, 51, 105);\">#Servicio-y-Herramientas-de-Oficina-Virtual\n<br >#Business-Intelligence-y-Anal\u00edtica<\/span><\/p> <a class=\"button color5\" href=\"https:\/\/service.paythunder.com\/PTService\/clienteController\/mostrarTF?TF=FcCBeXmz&amp;rgpd=1\" target=\"_blank\" data-cp-link=\"1\" data-icon=\"\" rel=\"noopener\">Solicitar<\/a><\/div> <div  class=\"col-sm-6\" data-type=\"column\"> <img decoding=\"async\"  class=\"shadow-large\" src=\"https:\/\/kitdigital.paythunder.com\/wp-content\/uploads\/2022\/03\/cropped-mock-up-tablet.jpg\" title=\"cropped-mock-up-tablet.jpg\" alt=\"\"><\/div> <\/div><\/div> <div  class=\"section-separator-bottom\">\n    <svg  xmlns=\"http:\/\/www.w3.org\/2000\/svg\" viewBox=\"0 0 1000 100\" preserveAspectRatio=\"none\" data-separator-name=\"pyramids\" class=\"section-separator-bottom\">\n\t<path  class=\"svg-white-bg\" d=\"M761.9,44.1L643.1,27.2L333.8,98L0,3.8V0l1000,0v3.9\"><\/path>\n<\/svg>\n<\/div><\/div><div  data-label=\"ecommerce\" data-id=\"content--6\" data-export-id=\"content-8\" data-category=\"content\" class=\"content-8 content-section content-section-spacing\" id=\"ecommerce-1\" style=\"background-color: rgb(255, 255, 255);\"><div  class=\"gridContainer\"> <div  class=\"row middle-sm\"><div  class=\"col-sm-6 space-bottom-xs space-top-xs\" data-type=\"column\"> <img decoding=\"async\"  class=\"shadow-large\" src=\"https:\/\/kitdigital.paythunder.com\/wp-content\/uploads\/2022\/03\/project2.jpg\" title=\"project2\" alt=\"\"><\/div> <div  class=\"col-sm-6\" data-type=\"column\"><img decoding=\"async\"  class=\"custom-image\" src=\"https:\/\/kitdigital.paythunder.com\/wp-content\/uploads\/2022\/03\/Sin-titulo-1_Mesa-de-trabajo-1-copia-3.png\" title=\"Sin t\u00edtulo-1_Mesa de trabajo 1 copia 3\" alt=\"\"><h2  class=\"\"><span  style=\"font-weight: 700;\">E-Commerce PayThunder<\/span>\n<br ><span  style=\"font-weight: 300; color: rgb(255, 51, 105);\">desde 3.000\u20ac<\/span><\/h2> <p  class=\"\" style=\"text-align: justify;\"><span  style=\"font-weight: 600;\">La soluci\u00f3n perfecta para elevar tu negocio al siguiente nivel.<\/span> Creamos la soluci\u00f3n perfecta de venta, una web con un dise\u00f1o novedoso y rompedor, integrado en la pasarela de pago PayThunder, que te permitir\u00e1 gestionar el cobro de tus clientes.\n<br ><br >\nCombinan \u200btecnolog\u00eda y estrategias de marketing para ofrecer la mejor experiencia de compra al usuario.\n<br ><br >\nUna Tienda Online es solo una herramienta de comercio electr\u00f3nico \u00fatil si funciona correctamente. Desde la contrataci\u00f3n de un buen hosting con capacidad para recibir visitas y manejar cualquier necesidad futura hasta un dise\u00f1o que atraiga visitas. Nuestros dise\u00f1os se centrar\u00e1n en proporcionar al usuario mensajes claros y llamadas a la acci\u00f3n para ayudarles a tomar decisiones. Los interfaces de usuario est\u00e1n dise\u00f1ados de manera intuitiva, las p\u00e1ginas se cargan r\u00e1pidamente y el proceso de pago es muy sencillo.\n<br ><br ><span  style=\"font-weight: 700;\">#Comercio-Electr\u00f3nico\n<\/span><br ><span  style=\"font-weight: 700;\">#Sitio-web-y-presencia-en-internet<\/span><\/p> <a class=\"button color5\" href=\"https:\/\/service.paythunder.com\/PTService\/clienteController\/mostrarTF?TF=Lsj9X1kH&amp;rgpd=1\" target=\"_blank\" data-cp-link=\"1\" data-icon=\"\" rel=\"noopener\">Solicitar<\/a><\/div> <\/div><\/div> <\/div><div  data-label=\"control horario\" data-id=\"content--7\" data-export-id=\"content-7\" data-category=\"content\" class=\"content-7 content-section content-section-spacing content-relative\" id=\"control-horario\" style=\"background-color: rgb(242, 242, 242); background-image: none;\"><div  class=\"section-separator-top\">\n    <svg  xmlns=\"http:\/\/www.w3.org\/2000\/svg\" viewBox=\"0 0 1000 100\" preserveAspectRatio=\"none\" data-separator-name=\"curve\" class=\"section-separator-top\">\n    <path  class=\"svg-white-bg\" d=\"M1000,4.3V0H0v4.3C0.9,23.1,126.7,99.2,500,100S1000,22.7,1000,4.3z\"><\/path>\n<\/svg>\n<\/div><div  class=\"gridContainer\"> <div  class=\"row middle-sm\"><div  class=\"col-sm-6 space-bottom-xs\" data-type=\"column\"> <a  data-cp-link=\"1\" href=\"#\" class=\"\"><img decoding=\"async\"  class=\"custom-image\" src=\"https:\/\/kitdigital.paythunder.com\/wp-content\/uploads\/2022\/03\/Sin-titulo-1_Mesa-de-trabajo-1-copia-2.png\" title=\"Sin t\u00edtulo-1_Mesa de trabajo 1 copia 2\" alt=\"\"><\/a><h2  class=\"\"><span  style=\"font-weight: 700;\">Control Horario\n<br ><span  style=\"font-weight: 300; color: rgb(255, 51, 105);\">desde 595\u20ac<\/span><\/span><\/h2> <p  class=\"\" style=\"text-align: justify;\"><span  style=\"font-weight: 600;\">\u00bfTe preocupa el horario de tus empleados? \u00bfQuieres tener un control sobre las horas de trabajo?<\/span><br >\nPayThunder te ofrece la mejor soluci\u00f3n de control horario, como distribuidor oficial de Qualica-Rd.<br >\nDispositivos novedosos, con las \u00faltimas tecnolog\u00edas implementadas de lector de huella, reconocimiento facial y tarjeta RFID<br >\nTodo ello conectado al software propio, donde podr\u00e1s tener un control global del fichaje de tus empleados.<\/p> <a class=\"button color5\" href=\"https:\/\/service.paythunder.com\/PTService\/clienteController\/mostrarTF?TF=Ijov4Ipb&amp;rgpd=1\" target=\"_blank\" data-cp-link=\"1\" data-icon=\"\" rel=\"noopener\">Solicitar<\/a><\/div> <div  class=\"col-sm-6\" data-type=\"column\"> <img decoding=\"async\"  class=\"shadow-large\" src=\"https:\/\/kitdigital.paythunder.com\/wp-content\/uploads\/2022\/03\/cropped-mujer-comprobando-hora-su-telefono_53876-99963.jpg\" title=\"cropped-mujer-comprobando-hora-su-telefono_53876-99963.jpg\" alt=\"\"><\/div> <\/div><\/div> <div  class=\"section-separator-bottom\">\n    <svg  xmlns=\"http:\/\/www.w3.org\/2000\/svg\" viewBox=\"0 0 1000 100\" preserveAspectRatio=\"none\" data-separator-name=\"curve\" class=\"section-separator-top section-separator-bottom\">\n    <path  class=\"svg-white-bg\" d=\"M1000,4.3V0H0v4.3C0.9,23.1,126.7,99.2,500,100S1000,22.7,1000,4.3z\"><\/path>\n<\/svg>\n<\/div><\/div><div  data-label=\"social media\" data-id=\"content--8\" data-export-id=\"content-8\" data-category=\"content\" class=\"content-8 content-section content-section-spacing\" id=\"social-media\" style=\"background-color: rgb(255, 255, 255);\"><div  class=\"gridContainer\"> <div  class=\"row middle-sm\"><div  class=\"col-sm-6 space-bottom-xs space-top-xs\" data-type=\"column\"> <img decoding=\"async\"  class=\"shadow-large\" src=\"https:\/\/kitdigital.paythunder.com\/wp-content\/uploads\/2022\/03\/cropped-Redes-sociales-desconocidas.webp\" title=\"cropped-Redes-sociales-desconocidas.webp\" alt=\"\"><\/div> <div  class=\"col-sm-6\" data-type=\"column\"><h2  class=\"\"><span  style=\"font-weight: 700;\">Gesti\u00f3n de redes sociales\n<\/span><br ><span  style=\"font-weight: 300; color: rgb(255, 51, 105);\">desde&nbsp;2.995\u20ac<\/span><\/h2> <p  class=\"\" style=\"text-align: justify;\">Actualmente las redes sociales se han convertido en una herramienta fundamental para el \u00e9xito de los proyectos empresariales, pero:<br >\n<span  style=\"font-weight: 600;\">\u00bfLas gestionamos de forma eficiente y correcta?<\/span><br >\nDesde PayThunder gestionamos tus redes sociales de forma efectiva, orientado a captar el cliente potencial, a trav\u00e9s de:\n<br ><br >\n\u2013 Creaci\u00f3n de contenido \u00fanico.<br >\u2013 Auditor\u00eda de imagen online.<br >\u2013 An\u00e1lisis del cliente potencial.<br >\u2013 Publicaci\u00f3n en todas las redes sociales que tiene el negocio.<br >\u2013 Branding \u00fanico y personalizado<br >\u2013 Historias a diario.<br >\u2013 Respuesta de mensajes e interacciones.\n<br ><br ><span  style=\"font-weight: 700;\">#Sitio-web-y-presencia-en-internet<\/span><\/p> <a class=\"button color5\" href=\"https:\/\/service.paythunder.com\/PTService\/clienteController\/mostrarTF?TF=nILvzhqj&amp;rgpd=1\" target=\"_blank\" data-cp-link=\"1\" data-icon=\"\" rel=\"noopener\">Solicitar<\/a><\/div> <\/div><\/div> <\/div><div  data-label=\"Content\" data-id=\"content--9\" data-export-id=\"content-12\" data-category=\"content\" class=\"content-12 content-section content-section-spacing\" id=\"content-1\" style=\"background-color: rgb(245, 250, 253);\"><div  class=\"gridContainer\"> <div  class=\"row text-center\"><div  class=\"section-title-col\" data-type=\"column\"> <h2  class=\"\"><span  style=\"font-weight: 300;\">Conoce m\u00e1s sobre<\/span> <span  style=\"font-weight: 700;\">Kit Digital en Next Generation EU<\/span><\/h2> <\/div> <\/div> <div  class=\"row center-xs middle-xs\"> <div  class=\"col-sm-9\" data-type=\"column\"> <img decoding=\"async\"  class=\"shadow-large\" src=\"https:\/\/kitdigital.paythunder.com\/wp-content\/uploads\/2022\/03\/nextgenerationeu-1.jpg\" title=\"nextgenerationeu-1\" alt=\"\"><img decoding=\"async\"  class=\"custom-image\" src=\"https:\/\/kitdigital.paythunder.com\/wp-content\/uploads\/2022\/03\/logos-kit-digital-1024x137-1.png\" title=\"logos-kit-digital-1024x137\" alt=\"\"><a class=\"button color5\" href=\"https:\/\/portal.mineco.gob.es\/es-es\/comunicacion\/Paginas\/211125_np_kit.aspx\" target=\"_self\" data-cp-link=\"1\" data-icon=\"\" rel=\"noopener\">Ir a la noticia<\/a><\/div> <\/div><\/div> <\/div>","protected":false},"excerpt":{"rendered":"<p>Productos PayThunder Kiosco + Carteler\u00eda Digital&nbsp;desde&nbsp;14.400\u20ac El kiosco de PayThunder puede estar colocado en lugares destacados de su negocio, puede informar a sus clientes, interactuar con ellos e incluso responder en el idioma seleccionado. \u201cUn Kiosco adaptable a cualquier necesidad, con nuestra soluci\u00f3n de Holograma Inteligente interactivo multi-idioma, PayThunder Genie\u00bb. Ventajas\/funcionalidades: \u2013 Eliminamos colas\u2013 Autoventa&hellip; <br \/> <a class=\"read-more\" href=\"https:\/\/kitdigital.paythunder.com\/\">Read more<\/a><\/p>\n","protected":false},"author":1,"featured_media":0,"parent":0,"menu_order":0,"comment_status":"closed","ping_status":"closed","template":"page-templates\/homepage.php","meta":{"footnotes":""},"class_list":["post-6","page","type-page","status-publish","hentry"],"_links":{"self":[{"href":"https:\/\/kitdigital.paythunder.com\/index.php\/wp-json\/wp\/v2\/pages\/6","targetHints":{"allow":["GET"]}}],"collection":[{"href":"https:\/\/kitdigital.paythunder.com\/index.php\/wp-json\/wp\/v2\/pages"}],"about":[{"href":"https:\/\/kitdigital.paythunder.com\/index.php\/wp-json\/wp\/v2\/types\/page"}],"author":[{"embeddable":true,"href":"https:\/\/kitdigital.paythunder.com\/index.php\/wp-json\/wp\/v2\/users\/1"}],"replies":[{"embeddable":true,"href":"https:\/\/kitdigital.paythunder.com\/index.php\/wp-json\/wp\/v2\/comments?post=6"}],"version-history":[{"count":45,"href":"https:\/\/kitdigital.paythunder.com\/index.php\/wp-json\/wp\/v2\/pages\/6\/revisions"}],"predecessor-version":[{"id":140,"href":"https:\/\/kitdigital.paythunder.com\/index.php\/wp-json\/wp\/v2\/pages\/6\/revisions\/140"}],"wp:attachment":[{"href":"https:\/\/kitdigital.paythunder.com\/index.php\/wp-json\/wp\/v2\/media?parent=6"}],"curies":[{"name":"wp","href":"https:\/\/api.w.org\/{rel}","templated":true}]}}